{"id":231,"date":"2017-10-24T12:38:16","date_gmt":"2017-10-24T12:38:16","guid":{"rendered":"http:\/\/pousadaresplandecer.com.br\/?page_id=231"},"modified":"2018-08-22T14:31:40","modified_gmt":"2018-08-22T17:31:40","slug":"servicos","status":"publish","type":"page","link":"https:\/\/pousadaresplandecer.com.br\/en\/servicos\/","title":{"rendered":"Servi\u00e7os"},"content":{"rendered":"<div class=\"vc_row wpb_row vc_row-fluid vc_custom_1510915882707\"><div class=\"wpb_column vc_column_container vc_col-sm-4\"><div class=\"vc_column-inner\"><div class=\"wpb_wrapper\"><div class='dt-sc-image-caption type8'><div class='dt-sc-image-wrapper'><div class='icon-wrapper'><img loading=\"lazy\" decoding=\"async\" width=\"85\" height=\"85\" src=\"https:\/\/pousadaresplandecer.com.br\/wp-content\/uploads\/2017\/11\/key.png\" class=\"attachment-full\" alt=\"\" \/><\/div><\/div><div class='dt-sc-image-content'><div class='dt-sc-image-title'><h3>Servi\u00e7o de Quarto<\/h3><\/div><p>Oferecemos o servi\u00e7o de quarto para comodidade dos nossos h\u00f3spedes. Voc\u00ea poder\u00e1 contar com a troca de roupas de cama e banho para seu total conforto!<\/p><\/div><\/div><\/div><\/div><\/div><div class=\"wpb_column vc_column_container vc_col-sm-4\"><div class=\"vc_column-inner\"><div class=\"wpb_wrapper\"><div class='dt-sc-image-caption type8'><div class='dt-sc-image-wrapper'><div class='icon-wrapper'><img loading=\"lazy\" decoding=\"async\" width=\"85\" height=\"85\" src=\"https:\/\/pousadaresplandecer.com.br\/wp-content\/uploads\/2017\/11\/fork.png\" class=\"attachment-full\" alt=\"\" \/><\/div><\/div><div class='dt-sc-image-content'><div class='dt-sc-image-title'><h3>Servi\u00e7o de T\u00e1xi <\/h3><\/div><p>Comodidade e praticidade, voc\u00ea encontra aqui!\nVoc\u00ea poder\u00e1 solicitar esse servi\u00e7o no momento da reserva ou no decorrer da hospedagem. Prezamos pelo conforto e seguran\u00e7a dos nossos h\u00f3spedes!<\/p><\/div><\/div><\/div><\/div><\/div><div class=\"wpb_column vc_column_container vc_col-sm-4\"><div class=\"vc_column-inner\"><div class=\"wpb_wrapper\"><div class='dt-sc-image-caption type8'><div class='dt-sc-image-wrapper'><\/div><div class='dt-sc-image-content'><div class='dt-sc-image-title'><h3>Lavanderia<\/h3><\/div><p>Voc\u00ea poder\u00e1 contar com o servi\u00e7o de lavanderia para manter suas roupas limpas, cheirosas e preservadas! Aproveite o seu dia enquanto cuidamos das suas roupas!<\/p><\/div><\/div><\/div><\/div><\/div><\/div><div class=\"vc_row wpb_row vc_row-fluid vc_custom_1510915891727\"><div class=\"wpb_column vc_column_container vc_col-sm-4\"><div class=\"vc_column-inner\"><div class=\"wpb_wrapper\"><div class='dt-sc-image-caption type8'><div class='dt-sc-image-wrapper'><div class='icon-wrapper'><img loading=\"lazy\" decoding=\"async\" width=\"85\" height=\"85\" src=\"https:\/\/pousadaresplandecer.com.br\/wp-content\/uploads\/2017\/11\/card.png\" class=\"attachment-full\" alt=\"\" \/><\/div><\/div><div class='dt-sc-image-content'><div class='dt-sc-image-title'><h3>Caf\u00e9 da manh\u00e3<\/h3><\/div><p>Que tal acordar e saborear um delicioso caf\u00e9 da manh\u00e3?\nAs manh\u00e3s aqui da Pousada s\u00e3o inesquec\u00edveis. Aqui tudo \u00e9 feito com amor e capricho! Todas as tarifas incluem uma refei\u00e7\u00e3o repleta de gostosuras!<\/p><\/div><\/div><\/div><\/div><\/div><div class=\"wpb_column vc_column_container vc_col-sm-4\"><div class=\"vc_column-inner\"><div class=\"wpb_wrapper\"><div class='dt-sc-image-caption type8'><div class='dt-sc-image-wrapper'><div class='icon-wrapper'><img loading=\"lazy\" decoding=\"async\" width=\"85\" height=\"85\" src=\"https:\/\/pousadaresplandecer.com.br\/wp-content\/uploads\/2017\/11\/card.png\" class=\"attachment-full\" alt=\"\" \/><\/div><\/div><div class='dt-sc-image-content'><div class='dt-sc-image-title'><h3>Sistema Wi-Fi<\/h3><\/div><p>Geralmente, esse \u00e9 um dos servi\u00e7os mais valorizado pelos h\u00f3spedes. N\u00e3o poderia faltar em nossa Pousada! Nossos clientes poder\u00e3o acessar \u00e0 internet a qualquer momento. Aqui sua satisfa\u00e7\u00e3o \u00e9 garantida!<\/p><\/div><\/div><\/div><\/div><\/div><div class=\"wpb_column vc_column_container vc_col-sm-4\"><div class=\"vc_column-inner\"><div class=\"wpb_wrapper\"><div class='dt-sc-image-caption type8'><div class='dt-sc-image-wrapper'><div class='icon-wrapper'><img loading=\"lazy\" decoding=\"async\" width=\"85\" height=\"85\" src=\"https:\/\/pousadaresplandecer.com.br\/wp-content\/uploads\/2017\/11\/card.png\" class=\"attachment-full\" alt=\"\" \/><\/div><\/div><div class='dt-sc-image-content'><div class='dt-sc-image-title'><h3>Estacionamento<\/h3><\/div><p>Nosso estacionamento fica localizado dentro das depend\u00eancias da nossa Pousada. \u00c9 totalmente gratuito!\nTudo foi pensado na comodidade, conforto e seguran\u00e7a dos nossos h\u00f3spedes.<\/p><\/div><\/div><\/div><\/div><\/div><\/div><div data-vc-full-width=\"true\" data-vc-full-width-init=\"false\" class=\"vc_row wpb_row vc_row-fluid dt-sc-dark-bg vc_custom_1534959082361 vc_row-has-fill\"><div class=\"wpb_column vc_column_container vc_col-sm-12\"><div class=\"vc_column-inner\" style=\" text-align:center; \"><div class=\"wpb_wrapper\"><h2 style=\"text-align: center\" class=\"vc_custom_heading\">Venha conhecer e fazer parte da nossa hist\u00f3ria<\/h2><div class=\"vc_separator wpb_content_element vc_separator_align_center vc_sep_width_10 vc_sep_border_width_2 vc_sep_pos_align_center vc_separator_no_text vc_sep_color_white\" ><span class=\"vc_sep_holder vc_sep_holder_l\"><span  class=\"vc_sep_line\"><\/span><\/span><span class=\"vc_sep_holder vc_sep_holder_r\"><span  class=\"vc_sep_line\"><\/span><\/span>\n<\/div>\r\n\t<div class=\"wpb_text_column wpb_content_element  vc_custom_1533255648628\" >\r\n\t\t<div class=\"wpb_wrapper\">\r\n\t\t\t<p>Fa\u00e7a sua reserva agora mesmo e venha relaxar com a gente!<\/p>\n\r\n\t\t<\/div>\r\n\t<\/div>\r\n<a href='http:\/\/pousadaresplandecer.com.br\/en\/awe-booking-check\/' target='_self' title='' class='dt-sc-button   large   fully-rounded-border  white'  style=\"background-color:#efc90b;border-color:#efc90b;\"> Fazer reserva <\/a><\/div><\/div><\/div><\/div><div class=\"vc_row-full-width vc_clearfix\"><\/div>","protected":false},"excerpt":{"rendered":"Servi\u00e7o de QuartoOferecemos o servi\u00e7o de quarto para comodidade dos nossos h\u00f3spedes. Voc\u00ea poder\u00e1 contar com a troca de roupas de cama e banho para seu total conforto!Servi\u00e7o de T\u00e1xi Comodidade e praticidade, voc\u00ea encontra aqui! Voc\u00ea poder\u00e1 solicitar esse servi\u00e7o no momento da reserva ou no decorrer da hospedagem. Prezamos pelo conforto e seguran\u00e7a [...]","protected":false},"author":1,"featured_media":0,"parent":0,"menu_order":0,"comment_status":"closed","ping_status":"closed","template":"","meta":{"_eb_attr":"","_exactmetrics_skip_tracking":false,"_exactmetrics_sitenote_active":false,"_exactmetrics_sitenote_note":"","_exactmetrics_sitenote_category":0,"footnotes":""},"class_list":["post-231","page","type-page","status-publish","hentry"],"_links":{"self":[{"href":"https:\/\/pousadaresplandecer.com.br\/en\/wp-json\/wp\/v2\/pages\/231","targetHints":{"allow":["GET"]}}],"collection":[{"href":"https:\/\/pousadaresplandecer.com.br\/en\/wp-json\/wp\/v2\/pages"}],"about":[{"href":"https:\/\/pousadaresplandecer.com.br\/en\/wp-json\/wp\/v2\/types\/page"}],"author":[{"embeddable":true,"href":"https:\/\/pousadaresplandecer.com.br\/en\/wp-json\/wp\/v2\/users\/1"}],"replies":[{"embeddable":true,"href":"https:\/\/pousadaresplandecer.com.br\/en\/wp-json\/wp\/v2\/comments?post=231"}],"version-history":[{"count":1,"href":"https:\/\/pousadaresplandecer.com.br\/en\/wp-json\/wp\/v2\/pages\/231\/revisions"}],"predecessor-version":[{"id":12051,"href":"https:\/\/pousadaresplandecer.com.br\/en\/wp-json\/wp\/v2\/pages\/231\/revisions\/12051"}],"wp:attachment":[{"href":"https:\/\/pousadaresplandecer.com.br\/en\/wp-json\/wp\/v2\/media?parent=231"}],"curies":[{"name":"wp","href":"https:\/\/api.w.org\/{rel}","templated":true}]}}