{"id":11092,"date":"2017-11-18T04:38:26","date_gmt":"2017-11-18T04:38:26","guid":{"rendered":"http:\/\/pousadaresplandecer.com.br\/?page_id=11092"},"modified":"2018-09-20T23:23:44","modified_gmt":"2018-09-21T02:23:44","slug":"sobre","status":"publish","type":"page","link":"https:\/\/pousadaresplandecer.com.br\/en\/sobre\/","title":{"rendered":"Sobre"},"content":{"rendered":"<div class=\"vc_row wpb_row vc_row-fluid vc_custom_1511853809779\"><div class=\"wpb_column vc_column_container vc_col-sm-12\"><div class=\"vc_column-inner\"><div class=\"wpb_wrapper\"><h2 style=\"text-align: center\" class=\"vc_custom_heading\">Conhe\u00e7a nossa hist\u00f3ria...<\/h2><div class=\"vc_empty_space\"   style=\"height: 30px\" ><span class=\"vc_empty_space_inner\"><\/span><\/div>\n<div class=\"vc_row wpb_row vc_inner vc_row-fluid\"><div class=\"wpb_column vc_column_container vc_col-sm-6\"><div class=\"vc_column-inner\"><div class=\"wpb_wrapper\">\r\n\t<div class=\"wpb_text_column wpb_content_element\" >\r\n\t\t<div class=\"wpb_wrapper\">\r\n\t\t\t<p>A Pousada Resplandecer fica localizada na cidade de Catu &#8211; BA e est\u00e1 no mercado desde 2007. A localiza\u00e7\u00e3o \u00e9 excelente, fica a apenas alguns minutos do centro da cidade, rodovi\u00e1ria, supermercados, farm\u00e1cias e demais empresas.<br \/>\nRecebe h\u00f3spedes de lazer e neg\u00f3cios, proporcionando um ambiente acolhedor e completamente intimista.<br \/>\nConta com uma equipe de profissionais altamente capacitados para melhor servir e atender \u00e0s expectativas de seus clientes.<\/p>\n\r\n\t\t<\/div>\r\n\t<\/div>\r\n<\/div><\/div><\/div><div class=\"wpb_column vc_column_container vc_col-sm-6\"><div class=\"vc_column-inner\"><div class=\"wpb_wrapper\">\r\n\t<div class=\"wpb_text_column wpb_content_element\" >\r\n\t\t<div class=\"wpb_wrapper\">\r\n\t\t\t<p>Proporciona o melhor da hospitalidade interiorana para seus h\u00f3spedes. Cada acomoda\u00e7\u00e3o possui uma decora\u00e7\u00e3o de estilo moderno e cheia de carinho at\u00e9 nos pequenos detalhes.<br \/>\nA pousada possui 21 su\u00edtes, onde se dividem em quartos duplos, triplos e qu\u00e1druplos. Todos os quartos disp\u00f5em de frigobar, TV e internet \u00e0 disposi\u00e7\u00e3o.<br \/>\n\u00c9 o lugar ideal para quem busca seguran\u00e7a, sossego, conforto e descanso!<\/p>\n\r\n\t\t<\/div>\r\n\t<\/div>\r\n<\/div><\/div><\/div><\/div><\/div><\/div><\/div><\/div><div data-vc-full-width=\"true\" data-vc-full-width-init=\"false\" data-vc-stretch-content=\"true\" class=\"vc_row wpb_row vc_row-fluid vc_custom_1533228617182 vc_row-has-fill vc_row-no-padding\"><div class=\"wpb_column vc_column_container vc_col-sm-3\"><div class=\"vc_column-inner\"><div class=\"wpb_wrapper\">\n\t<div  class=\"wpb_single_image wpb_content_element vc_align_center  vc_custom_1533179186105\">\n\t\t\n\t\t<figure class=\"wpb_wrapper vc_figure\">\n\t\t\t<div class=\"vc_single_image-wrapper   vc_box_border_grey\"><img loading=\"lazy\" decoding=\"async\" width=\"734\" height=\"488\" src=\"https:\/\/pousadaresplandecer.com.br\/wp-content\/uploads\/2018\/08\/quarto-1.png\" class=\"vc_single_image-img attachment-full\" alt=\"\" srcset=\"https:\/\/pousadaresplandecer.com.br\/wp-content\/uploads\/2018\/08\/quarto-1.png 734w, https:\/\/pousadaresplandecer.com.br\/wp-content\/uploads\/2018\/08\/quarto-1-600x399.png 600w\" sizes=\"auto, (max-width: 734px) 100vw, 734px\" \/><\/div>\n\t\t<\/figure>\n\t<\/div>\n<\/div><\/div><\/div><div class=\"wpb_column vc_column_container vc_col-sm-3\"><div class=\"vc_column-inner\"><div class=\"wpb_wrapper\">\n\t<div  class=\"wpb_single_image wpb_content_element vc_align_center  vc_custom_1533175918170\">\n\t\t\n\t\t<figure class=\"wpb_wrapper vc_figure\">\n\t\t\t<div class=\"vc_single_image-wrapper   vc_box_border_grey\"><img loading=\"lazy\" decoding=\"async\" width=\"749\" height=\"510\" src=\"https:\/\/pousadaresplandecer.com.br\/wp-content\/uploads\/2018\/08\/estacionamento.png\" class=\"vc_single_image-img attachment-full\" alt=\"\" srcset=\"https:\/\/pousadaresplandecer.com.br\/wp-content\/uploads\/2018\/08\/estacionamento.png 749w, https:\/\/pousadaresplandecer.com.br\/wp-content\/uploads\/2018\/08\/estacionamento-600x409.png 600w\" sizes=\"auto, (max-width: 749px) 100vw, 749px\" \/><\/div>\n\t\t<\/figure>\n\t<\/div>\n<\/div><\/div><\/div><div class=\"wpb_column vc_column_container vc_col-sm-3\"><div class=\"vc_column-inner\"><div class=\"wpb_wrapper\">\n\t<div  class=\"wpb_single_image wpb_content_element vc_align_center  vc_custom_1533176487475\">\n\t\t\n\t\t<figure class=\"wpb_wrapper vc_figure\">\n\t\t\t<div class=\"vc_single_image-wrapper   vc_box_border_grey\"><img loading=\"lazy\" decoding=\"async\" width=\"734\" height=\"493\" src=\"https:\/\/pousadaresplandecer.com.br\/wp-content\/uploads\/2018\/08\/Alimentacao.png\" class=\"vc_single_image-img attachment-full\" alt=\"\" srcset=\"https:\/\/pousadaresplandecer.com.br\/wp-content\/uploads\/2018\/08\/Alimentacao.png 734w, https:\/\/pousadaresplandecer.com.br\/wp-content\/uploads\/2018\/08\/Alimentacao-600x403.png 600w\" sizes=\"auto, (max-width: 734px) 100vw, 734px\" \/><\/div>\n\t\t<\/figure>\n\t<\/div>\n<\/div><\/div><\/div><div class=\"wpb_column vc_column_container vc_col-sm-3\"><div class=\"vc_column-inner\"><div class=\"wpb_wrapper\">\n\t<div  class=\"wpb_single_image wpb_content_element vc_align_center  vc_custom_1533176581561\">\n\t\t\n\t\t<figure class=\"wpb_wrapper vc_figure\">\n\t\t\t<div class=\"vc_single_image-wrapper   vc_box_border_grey\"><img loading=\"lazy\" decoding=\"async\" width=\"744\" height=\"512\" src=\"https:\/\/pousadaresplandecer.com.br\/wp-content\/uploads\/2018\/08\/espaco.png\" class=\"vc_single_image-img attachment-full\" alt=\"\" srcset=\"https:\/\/pousadaresplandecer.com.br\/wp-content\/uploads\/2018\/08\/espaco.png 744w, https:\/\/pousadaresplandecer.com.br\/wp-content\/uploads\/2018\/08\/espaco-600x413.png 600w\" sizes=\"auto, (max-width: 744px) 100vw, 744px\" \/><\/div>\n\t\t<\/figure>\n\t<\/div>\n<\/div><\/div><\/div><\/div><div class=\"vc_row-full-width vc_clearfix\"><\/div><div data-vc-full-width=\"true\" data-vc-full-width-init=\"false\" class=\"vc_row wpb_row vc_row-fluid vc_custom_1532052980799 vc_row-has-fill\"><div class=\"wpb_column vc_column_container vc_col-sm-6\"><div class=\"vc_column-inner\"><div class=\"wpb_wrapper\">\n\t<div  class=\"wpb_single_image wpb_content_element vc_align_left  vc_custom_1532052871831\">\n\t\t\n\t\t<figure class=\"wpb_wrapper vc_figure\">\n\t\t\t<div class=\"vc_single_image-wrapper   vc_box_border_grey\"><img loading=\"lazy\" decoding=\"async\" width=\"1016\" height=\"833\" src=\"https:\/\/pousadaresplandecer.com.br\/wp-content\/uploads\/2018\/07\/sobre_pousada.png\" class=\"vc_single_image-img attachment-full\" alt=\"\" srcset=\"https:\/\/pousadaresplandecer.com.br\/wp-content\/uploads\/2018\/07\/sobre_pousada.png 1016w, https:\/\/pousadaresplandecer.com.br\/wp-content\/uploads\/2018\/07\/sobre_pousada-600x492.png 600w\" sizes=\"auto, (max-width: 1016px) 100vw, 1016px\" \/><\/div>\n\t\t<\/figure>\n\t<\/div>\n<\/div><\/div><\/div><div class=\"wpb_column vc_column_container vc_col-sm-6\"><div class=\"vc_column-inner\"><div class=\"wpb_wrapper\"><h3 style=\"text-align: left\" class=\"vc_custom_heading\">O que a Pousada Resplandecer tem a lhe oferecer:<\/h3><ul class='dt-sc-fancy-list   arrow'>\n<li>Descanso<\/li>\n<li>Tranquilidade<\/li>\n<li>Conforto<\/li>\n<li>Seguran\u00e7a<\/li>\n<li>Bem-estar<\/li>\n<li>Aconchego<\/li>\n<li>Paz<\/li>\n<li>Privacidade<\/li>\n<li>Lazer<\/li>\n<\/ul>\r\n\t<div class=\"wpb_text_column wpb_content_element  vc_custom_1533174222801\" >\r\n\t\t<div class=\"wpb_wrapper\">\r\n\t\t\t<p>Esses s\u00e3o alguns dos pilares que voc\u00ea poder\u00e1 desfrutar em nossa Pousada. Cada detalhe do nosso cantinho \u00e9 especial!<\/p>\n\r\n\t\t<\/div>\r\n\t<\/div>\r\n<\/div><\/div><\/div><\/div><div class=\"vc_row-full-width vc_clearfix\"><\/div><div data-vc-full-width=\"true\" data-vc-full-width-init=\"false\" class=\"vc_row wpb_row vc_row-fluid vc_custom_1532312317460 vc_row-has-fill vc_row-o-equal-height vc_row-o-content-middle vc_row-flex\"><div class=\"wpb_column vc_column_container vc_col-sm-6\"><div class=\"vc_column-inner\"><div class=\"wpb_wrapper\"><div \tclass=\"vc_icon_element vc_icon_element-outer vc_icon_element-align-center\">\n\t<div class=\"vc_icon_element-inner vc_icon_element-color-orange vc_icon_element-size-xl vc_icon_element-style- vc_icon_element-background-color-grey\">\n\t\t<span class=\"vc_icon_element-icon fa fa-trophy\" ><\/span><\/div>\n<\/div>\n<h3 style=\"text-align: left\" class=\"vc_custom_heading\">Pr\u00eamio de melhor pousada em 2017<\/h3>\r\n\t<div class=\"wpb_text_column wpb_content_element\" >\r\n\t\t<div class=\"wpb_wrapper\">\r\n\t\t\t<p>Recebemos nossos h\u00f3spedes com um atendimento diferenciado, criando um ambiente alegre e acolhedor. A sua satisfa\u00e7\u00e3o \u00e9 o nosso compromisso!<br \/>\nAgradecemos pela confian\u00e7a e prefer\u00eancia!<\/p>\n\r\n\t\t<\/div>\r\n\t<\/div>\r\n<div \tclass=\"vc_icon_element vc_icon_element-outer vc_icon_element-align-center\">\n\t<div class=\"vc_icon_element-inner vc_icon_element-color-orange vc_icon_element-size-xl vc_icon_element-style- vc_icon_element-background-color-grey\">\n\t\t<span class=\"vc_icon_element-icon fa fa-trophy\" ><\/span><\/div>\n<\/div>\n<h3 style=\"text-align: left\" class=\"vc_custom_heading\">Pr\u00eamio de melhor pousada em 2018<\/h3><\/div><\/div><\/div><div class=\"wpb_column vc_column_container vc_col-sm-6\"><div class=\"vc_column-inner\" style=\" text-align:center; \"><div class=\"wpb_wrapper\"><div class='dt-sc-title with-two-border'><h2>Os nossos parceiros<\/h2><\/div><div class=\"vc_row wpb_row vc_inner vc_row-fluid\"><div class=\"wpb_column vc_column_container vc_col-sm-6\"><div class=\"vc_column-inner\"><div class=\"wpb_wrapper\">\n\t<div  class=\"wpb_single_image wpb_content_element vc_align_center  vc_custom_1532311737065\">\n\t\t\n\t\t<figure class=\"wpb_wrapper vc_figure\">\n\t\t\t<div class=\"vc_single_image-wrapper   vc_box_border_grey\"><img loading=\"lazy\" decoding=\"async\" width=\"300\" height=\"75\" src=\"https:\/\/pousadaresplandecer.com.br\/wp-content\/uploads\/2018\/07\/LOGO-ORIGINAL-01.png\" class=\"vc_single_image-img attachment-full\" alt=\"\" \/><\/div>\n\t\t<\/figure>\n\t<\/div>\n\n\t<div  class=\"wpb_single_image wpb_content_element vc_align_center  vc_custom_1533174095895\">\n\t\t\n\t\t<figure class=\"wpb_wrapper vc_figure\">\n\t\t\t<div class=\"vc_single_image-wrapper   vc_box_border_grey\"><img loading=\"lazy\" decoding=\"async\" width=\"198\" height=\"166\" src=\"https:\/\/pousadaresplandecer.com.br\/wp-content\/uploads\/2018\/07\/download.png\" class=\"vc_single_image-img attachment-full\" alt=\"\" \/><\/div>\n\t\t<\/figure>\n\t<\/div>\n<\/div><\/div><\/div><div class=\"wpb_column vc_column_container vc_col-sm-6\"><div class=\"vc_column-inner\"><div class=\"wpb_wrapper\">\n\t<div  class=\"wpb_single_image wpb_content_element vc_align_center  vc_custom_1532312220076\">\n\t\t\n\t\t<figure class=\"wpb_wrapper vc_figure\">\n\t\t\t<div class=\"vc_single_image-wrapper   vc_box_border_grey\"><img loading=\"lazy\" decoding=\"async\" width=\"834\" height=\"268\" src=\"https:\/\/pousadaresplandecer.com.br\/wp-content\/uploads\/2018\/07\/contrumir.jpg\" class=\"vc_single_image-img attachment-full\" alt=\"\" srcset=\"https:\/\/pousadaresplandecer.com.br\/wp-content\/uploads\/2018\/07\/contrumir.jpg 834w, https:\/\/pousadaresplandecer.com.br\/wp-content\/uploads\/2018\/07\/contrumir-600x193.jpg 600w\" sizes=\"auto, (max-width: 834px) 100vw, 834px\" \/><\/div>\n\t\t<\/figure>\n\t<\/div>\n\n\t<div  class=\"wpb_single_image wpb_content_element vc_align_center  vc_custom_1534968022569\">\n\t\t\n\t\t<figure class=\"wpb_wrapper vc_figure\">\n\t\t\t<div class=\"vc_single_image-wrapper   vc_box_border_grey\"><img loading=\"lazy\" decoding=\"async\" width=\"300\" height=\"134\" src=\"https:\/\/pousadaresplandecer.com.br\/wp-content\/uploads\/2018\/08\/SILKS.png\" class=\"vc_single_image-img attachment-medium\" alt=\"\" srcset=\"https:\/\/pousadaresplandecer.com.br\/wp-content\/uploads\/2018\/08\/SILKS.png 859w, https:\/\/pousadaresplandecer.com.br\/wp-content\/uploads\/2018\/08\/SILKS-600x269.png 600w\" sizes=\"auto, (max-width: 300px) 100vw, 300px\" \/><\/div>\n\t\t<\/figure>\n\t<\/div>\n<\/div><\/div><\/div><\/div><\/div><\/div><\/div><\/div><div class=\"vc_row-full-width vc_clearfix\"><\/div>","protected":false},"excerpt":{"rendered":"Conhe\u00e7a nossa hist\u00f3ria... A Pousada Resplandecer fica localizada na cidade de Catu - BA e est\u00e1 no mercado desde 2007. A localiza\u00e7\u00e3o \u00e9 excelente, fica a apenas alguns minutos do centro da cidade, rodovi\u00e1ria, supermercados, farm\u00e1cias e demais empresas. Recebe h\u00f3spedes de lazer e neg\u00f3cios, proporcionando um ambiente acolhedor e completamente intimista. Conta com uma [...]","protected":false},"author":1,"featured_media":0,"parent":0,"menu_order":0,"comment_status":"closed","ping_status":"closed","template":"","meta":{"_eb_attr":"","_exactmetrics_skip_tracking":false,"_exactmetrics_sitenote_active":false,"_exactmetrics_sitenote_note":"","_exactmetrics_sitenote_category":0,"footnotes":""},"class_list":["post-11092","page","type-page","status-publish","hentry"],"_links":{"self":[{"href":"https:\/\/pousadaresplandecer.com.br\/en\/wp-json\/wp\/v2\/pages\/11092","targetHints":{"allow":["GET"]}}],"collection":[{"href":"https:\/\/pousadaresplandecer.com.br\/en\/wp-json\/wp\/v2\/pages"}],"about":[{"href":"https:\/\/pousadaresplandecer.com.br\/en\/wp-json\/wp\/v2\/types\/page"}],"author":[{"embeddable":true,"href":"https:\/\/pousadaresplandecer.com.br\/en\/wp-json\/wp\/v2\/users\/1"}],"replies":[{"embeddable":true,"href":"https:\/\/pousadaresplandecer.com.br\/en\/wp-json\/wp\/v2\/comments?post=11092"}],"version-history":[{"count":5,"href":"https:\/\/pousadaresplandecer.com.br\/en\/wp-json\/wp\/v2\/pages\/11092\/revisions"}],"predecessor-version":[{"id":12116,"href":"https:\/\/pousadaresplandecer.com.br\/en\/wp-json\/wp\/v2\/pages\/11092\/revisions\/12116"}],"wp:attachment":[{"href":"https:\/\/pousadaresplandecer.com.br\/en\/wp-json\/wp\/v2\/media?parent=11092"}],"curies":[{"name":"wp","href":"https:\/\/api.w.org\/{rel}","templated":true}]}}